{"id":1434,"date":"2025-11-02T18:59:11","date_gmt":"2025-11-02T18:59:11","guid":{"rendered":"https:\/\/allinline.eu\/?post_type=product&#038;p=1434"},"modified":"2025-11-02T19:49:34","modified_gmt":"2025-11-02T19:49:34","slug":"combo-moletom-t-shirt-pet-signature-feminino","status":"publish","type":"product","link":"https:\/\/allinline.eu\/de\/produkt\/combo-moletom-t-shirt-pet-signature-feminino\/","title":{"rendered":"Combo Moletom + T-shirt Pet Signature Feminino"},"content":{"rendered":"<div class=\"row\"  id=\"row-425400057\">\n\n\t<div id=\"col-1701615411\" class=\"col medium-6 small-12 large-6\"  >\n\t\t\t\t<div class=\"col-inner\"  >\n\t\t\t\n\t\t\t\n\t<div class=\"img has-hover x md-x lg-x y md-y lg-y\" id=\"image_108115148\">\n\t\t\t\t\t\t\t\t<div class=\"img-inner dark\" >\n\t\t\t<img loading=\"lazy\" decoding=\"async\" width=\"1020\" height=\"680\" src=\"https:\/\/allinline.eu\/wp-content\/uploads\/2025\/10\/ChatGPT-Image-23-de-out.-de-2025-16_32_47.png\" class=\"attachment-large size-large\" alt=\"\" \/>\t\t\t\t\t\t\n\t\t\t\t\t<\/div>\n\t\t\t\t\t\t\t\t\n<style>\n#image_108115148 {\n  width: 100%;\n}\n<\/style>\n\t<\/div>\n\t\n\t\t<\/div>\n\t\t\t\t\t<\/div>\n\n\t\n\n\t<div id=\"col-518672062\" class=\"col medium-6 small-12 large-6\"  >\n\t\t\t\t<div class=\"col-inner\"  >\n\t\t\t\n\t\t\t\n\n  <div class=\"banner has-hover\" id=\"banner-1930027186\">\n          <div class=\"banner-inner fill\">\n        <div class=\"banner-bg fill\" >\n            <img loading=\"lazy\" decoding=\"async\" width=\"1020\" height=\"680\" src=\"https:\/\/allinline.eu\/wp-content\/uploads\/2025\/11\/Kit-Moletom-e-Tshirt-1200x800.png\" class=\"bg attachment-large size-large\" alt=\"\" \/>                                    \n                    <\/div>\n\t\t\n        <div class=\"banner-layers container\">\n            <div class=\"fill banner-link\"><\/div>            \n   <div id=\"text-box-1006271391\" class=\"text-box banner-layer x90 md-x90 lg-x90 y0 md-y0 lg-y0 res-text\">\n                                <div class=\"text-box-content text\">\n              \n              <div class=\"text-inner text-center\">\n                  \n<h4 class=\"uppercase\">Combo<\/h4>\n<h3 class=\"uppercase\"><strong>Masculino\u00a0<\/strong><\/h3>\n<a href=\"https:\/\/allinline.eu\/de\/produkt\/combo-moletom-t-shirt-pet-signature\/\" class=\"button primary is-underline\"  >\n\t\t<span>Shop now<\/span>\n\t<\/a>\n\n              <\/div>\n           <\/div>\n                            \n<style>\n#text-box-1006271391 .text-box-content {\n  background-color: rgba(255, 255, 255, 0.94);\n  font-size: 100%;\n}\n#text-box-1006271391 .text-inner {\n  padding: 5px 30px 10px 30px;\n}\n#text-box-1006271391 {\n  width: 31%;\n}\n<\/style>\n    <\/div>\n \n        <\/div>\n      <\/div>\n\n            \n<style>\n#banner-1930027186 {\n  padding-top: 400px;\n}\n<\/style>\n  <\/div>\n\n\n\t\t<\/div>\n\t\t\t\t\t<\/div>\n\n\t\n<\/div>\n<table>\n<tbody>\n<tr>\n<td><strong>S<\/strong><\/td>\n<td><strong>M<\/strong><\/td>\n<td><strong>L<\/strong><\/td>\n<td><strong>XL<\/strong><\/td>\n<td><strong>2XL<\/strong><\/td>\n<td><strong>3XL<\/strong><\/td>\n<td><strong>4XL<\/strong><\/td>\n<td><strong>5XL<\/strong><\/td>\n<\/tr>\n<tr>\n<td><strong>A) Length (cm)<\/strong><\/td>\n<td>68.6<\/td>\n<td>71.1<\/td>\n<td>73.7<\/td>\n<td>76.2<\/td>\n<td>78.7<\/td>\n<td>81.3<\/td>\n<td>84<\/td>\n<td>86<\/td>\n<\/tr>\n<tr>\n<td><strong>B) Width (cm)<\/strong><\/td>\n<td>101.6<\/td>\n<td>111.8<\/td>\n<td>122<\/td>\n<td>132<\/td>\n<td>142.2<\/td>\n<td>152.4<\/td>\n<td>162<\/td>\n<td>172<\/td>\n<\/tr>\n<tr>\n<td><strong>B) Half Chest (cm)<\/strong><\/td>\n<td>50.8<\/td>\n<td>55.9<\/td>\n<td>61<\/td>\n<td>66<\/td>\n<td>71.1<\/td>\n<td>76.2<\/td>\n<td>81<\/td>\n<td>86<\/td>\n<\/tr>\n<tr>\n<td><strong>C) Sleeve Length (cm)<\/strong><\/td>\n<td>85.1<\/td>\n<td>87.6<\/td>\n<td>90.2<\/td>\n<td>92.7<\/td>\n<td>95.3<\/td>\n<td>97.8<\/td>\n<td>100<\/td>\n<td>103<\/td>\n<\/tr>\n<\/tbody>\n<\/table>\n<table>\n<tbody>\n<tr>\n<td><\/td>\n<td><strong>S<\/strong><\/td>\n<td><strong>M<\/strong><\/td>\n<td><strong>L<\/strong><\/td>\n<td><strong>XL<\/strong><\/td>\n<td><strong>2XL<\/strong><\/td>\n<td><strong>3XL<\/strong><\/td>\n<td><strong>4XL<\/strong><\/td>\n<td><strong>5XL<\/strong><\/td>\n<\/tr>\n<tr>\n<td><strong>A) Length (inches)<\/strong><\/td>\n<td>27<\/td>\n<td>28<\/td>\n<td>29<\/td>\n<td>30<\/td>\n<td>31<\/td>\n<td>32<\/td>\n<td>33.1<\/td>\n<td>33.9<\/td>\n<\/tr>\n<tr>\n<td><strong>B) Width (inches)<\/strong><\/td>\n<td>40<\/td>\n<td>44<\/td>\n<td>48<\/td>\n<td>52<\/td>\n<td>56<\/td>\n<td>60<\/td>\n<td>63.8<\/td>\n<td>67.7<\/td>\n<\/tr>\n<tr>\n<td><strong>B) Half Chest (inches)<\/strong><\/td>\n<td>20<\/td>\n<td>22<\/td>\n<td>24<\/td>\n<td>26<\/td>\n<td>28<\/td>\n<td>30<\/td>\n<td>31.9<\/td>\n<td>33.9<\/td>\n<\/tr>\n<tr>\n<td><strong>C) Sleeve Length (inches)<\/strong><\/td>\n<td>33.5<\/td>\n<td>34.5<\/td>\n<td>35.5<\/td>\n<td>36.5<\/td>\n<td>37.5<\/td>\n<td>38.5<\/td>\n<td>39.4<\/td>\n<td>40.6<\/td>\n<\/tr>\n<\/tbody>\n<\/table>\n<p><strong><br \/>\nMedida T-shirt:<\/strong><\/p>\n<table>\n<tbody>\n<tr>\n<td><\/td>\n<td><strong>S<\/strong><\/td>\n<td><strong>M<\/strong><\/td>\n<td><strong>L<\/strong><\/td>\n<td><strong>XL<\/strong><\/td>\n<td><strong>2XL<\/strong><\/td>\n<td><strong>3XL<\/strong><\/td>\n<\/tr>\n<tr>\n<td><strong>A) Length (cm)<\/strong><\/td>\n<td>71<\/td>\n<td>74<\/td>\n<td>76<\/td>\n<td>79<\/td>\n<td>81<\/td>\n<td>85<\/td>\n<\/tr>\n<tr>\n<td><strong>B) Width (cm)<\/strong><\/td>\n<td>92<\/td>\n<td>102<\/td>\n<td>112<\/td>\n<td>122<\/td>\n<td>132<\/td>\n<td>142<\/td>\n<\/tr>\n<tr>\n<td><strong>B) Half Chest (cm)<\/strong><\/td>\n<td>46<\/td>\n<td>51<\/td>\n<td>56<\/td>\n<td>61<\/td>\n<td>66<\/td>\n<td>71<\/td>\n<\/tr>\n<\/tbody>\n<\/table>\n<table>\n<tbody>\n<tr>\n<td><\/td>\n<td><strong>S<\/strong><\/td>\n<td><strong>M<\/strong><\/td>\n<td><strong>L<\/strong><\/td>\n<td><strong>XL<\/strong><\/td>\n<td><strong>2XL<\/strong><\/td>\n<td><strong>3XL<\/strong><\/td>\n<\/tr>\n<tr>\n<td><strong>A) Length (inches)<\/strong><\/td>\n<td>28<\/td>\n<td>29.1<\/td>\n<td>29.9<\/td>\n<td>31.1<\/td>\n<td>31.9<\/td>\n<td>33.5<\/td>\n<\/tr>\n<tr>\n<td><strong>B) Width (inches)<\/strong><\/td>\n<td>36.2<\/td>\n<td>40.2<\/td>\n<td>44.1<\/td>\n<td>48<\/td>\n<td>52<\/td>\n<td>55.9<\/td>\n<\/tr>\n<tr>\n<td><strong>B) Half Chest (inches)<\/strong><\/td>\n<td>18.1<\/td>\n<td>20.1<\/td>\n<td>22<\/td>\n<td>24<\/td>\n<td>26<\/td>\n<td>28<\/td>\n<\/tr>\n<\/tbody>\n<\/table>\n<p>Apresentamos o Moletom com Capuz Pet Signature, projetado para conforto e estilo para os amantes de animais de estima\u00e7\u00e3o! Este moletom pesado \u00e9 confeccionado com uma combina\u00e7\u00e3o de alta qualidade de 50% algod\u00e3o e 50% poli\u00e9ster, garantindo um toque macio que mant\u00e9m voc\u00ea aquecido o dia todo. O capuz com forro duplo e cord\u00e3o ajust\u00e1vel oferece uma camada extra de aquecimento e versatilidade. Feito com fio de jato de ar, este tecido proporciona um toque incrivelmente macio e minimiza a forma\u00e7\u00e3o de bolinhas, mantendo a apar\u00eancia impec\u00e1vel mesmo ap\u00f3s v\u00e1rias lavagens. Praticidade e estilo se unem em um pr\u00e1tico bolso canguru frontal, perfeito para guardar seus itens essenciais ou aquecer as m\u00e3os. Os punhos e a barra em ribana proporcionam um ajuste perfeito, com um toque de elastano para maior elasticidade. Ideal para passeios em dias frios, relaxar em casa ou sair casualmente, o Moletom com Capuz Pet Signature \u00e9 indispens\u00e1vel para todos os apaixonados por animais de estima\u00e7\u00e3o. Demonstre seu amor pelos pets com estilo e conforto. Pe\u00e7a o seu hoje mesmo e mostre sua paix\u00e3o!<\/p>\n<p><strong>Instru\u00e7\u00f5es de Lavagem<\/strong><\/p>\n<p><b>\u00a0<\/b>Lavagem Recomenda-se lavar \u00e0 m\u00e1quina com \u00e1gua fria para manter a integridade do tecido.<\/p>\n<p>Secagem Secar na secadora em temperatura m\u00e9dia.<\/p>\n<p>Loja Este moletom com capuz est\u00e1 amplamente dispon\u00edvel online em diversas lojas, oferecendo facilidade de compra.<\/p>","protected":false},"excerpt":{"rendered":"<p>S M L XL 2XL 3XL 4XL 5XL A) Length (cm) 68.6 71.1 73.7 76.2 78.7 81.3 84 86 B) Width (cm) 101.6 111.8 122 132 142.2 152.4 162 172 B) Half Chest (cm) 50.8 55.9 61 66 71.1 76.2 81 86 C) Sleeve Length (cm) 85.1 87.6 90.2 92.7 95.3 97.8 100 103 S [&#8230;]","protected":false},"featured_media":1437,"comment_status":"open","ping_status":"closed","template":"","meta":[],"product_brand":[],"product_cat":[15,170,168,155],"product_tag":[],"class_list":{"0":"post-1434","1":"product","2":"type-product","3":"status-publish","4":"has-post-thumbnail","6":"product_cat-in-line","7":"product_cat-combo","8":"product_cat-feminino","9":"product_cat-pack","11":"first","12":"instock","13":"sale","14":"shipping-taxable","15":"purchasable","16":"product-type-wooco"},"jetpack_sharing_enabled":true,"_links":{"self":[{"href":"https:\/\/allinline.eu\/de\/wp-json\/wp\/v2\/product\/1434","targetHints":{"allow":["GET"]}}],"collection":[{"href":"https:\/\/allinline.eu\/de\/wp-json\/wp\/v2\/product"}],"about":[{"href":"https:\/\/allinline.eu\/de\/wp-json\/wp\/v2\/types\/product"}],"replies":[{"embeddable":true,"href":"https:\/\/allinline.eu\/de\/wp-json\/wp\/v2\/comments?post=1434"}],"wp:featuredmedia":[{"embeddable":true,"href":"https:\/\/allinline.eu\/de\/wp-json\/wp\/v2\/media\/1437"}],"wp:attachment":[{"href":"https:\/\/allinline.eu\/de\/wp-json\/wp\/v2\/media?parent=1434"}],"wp:term":[{"taxonomy":"product_brand","embeddable":true,"href":"https:\/\/allinline.eu\/de\/wp-json\/wp\/v2\/product_brand?post=1434"},{"taxonomy":"product_cat","embeddable":true,"href":"https:\/\/allinline.eu\/de\/wp-json\/wp\/v2\/product_cat?post=1434"},{"taxonomy":"product_tag","embeddable":true,"href":"https:\/\/allinline.eu\/de\/wp-json\/wp\/v2\/product_tag?post=1434"}],"curies":[{"name":"wp","href":"https:\/\/api.w.org\/{rel}","templated":true}]}}