{"id":1270,"date":"2025-11-02T15:14:28","date_gmt":"2025-11-02T15:14:28","guid":{"rendered":"https:\/\/allinline.eu\/?post_type=product&#038;p=1270"},"modified":"2026-03-29T22:24:20","modified_gmt":"2026-03-29T22:24:20","slug":"copy-of-pet-signature-hoodie-soft-cotton-poly-blend-double-lined-hood-pouch-pocket","status":"publish","type":"product","link":"https:\/\/allinline.eu\/de\/produkt\/copy-of-pet-signature-hoodie-soft-cotton-poly-blend-double-lined-hood-pouch-pocket\/","title":{"rendered":"Pet Signature Hoodie \u2013 Masculino"},"content":{"rendered":"<p>Apresentamos o Moletom com Capuz Pet Signature, projetado para conforto e estilo para os amantes de animais de estima\u00e7\u00e3o! Este moletom pesado \u00e9 confeccionado com uma combina\u00e7\u00e3o de alta qualidade de 50% algod\u00e3o e 50% poli\u00e9ster, garantindo um toque macio que mant\u00e9m voc\u00ea aquecido o dia todo. O capuz com forro duplo e cord\u00e3o ajust\u00e1vel oferece uma camada extra de aquecimento e versatilidade. Feito com fio de jato de ar, este tecido proporciona um toque incrivelmente macio e minimiza a forma\u00e7\u00e3o de bolinhas, mantendo a apar\u00eancia impec\u00e1vel mesmo ap\u00f3s v\u00e1rias lavagens. Praticidade e estilo se unem em um pr\u00e1tico bolso canguru frontal, perfeito para guardar seus itens essenciais ou aquecer as m\u00e3os. Os punhos e a barra em ribana proporcionam um ajuste perfeito, com um toque de elastano para maior elasticidade. Ideal para passeios em dias frios, relaxar em casa ou sair casualmente, o Moletom com Capuz Pet Signature \u00e9 indispens\u00e1vel para todos os apaixonados por animais de estima\u00e7\u00e3o. Demonstre seu amor pelos pets com estilo e conforto. Pe\u00e7a o seu hoje mesmo e mostre sua paix\u00e3o!<\/p>\n<p><strong>Size guide<\/strong><\/p>\n<table>\n<tbody>\n<tr>\n<td><\/td>\n<td><strong>S<\/strong><\/td>\n<td><strong>M<\/strong><\/td>\n<td><strong>L<\/strong><\/td>\n<td><strong>XL<\/strong><\/td>\n<td><strong>2XL<\/strong><\/td>\n<td><strong>3XL<\/strong><\/td>\n<td><strong>4XL<\/strong><\/td>\n<td><strong>5XL<\/strong><\/td>\n<\/tr>\n<tr>\n<td><strong>A) Length (cm)<\/strong><\/td>\n<td>68.6<\/td>\n<td>71.1<\/td>\n<td>73.7<\/td>\n<td>76.2<\/td>\n<td>78.7<\/td>\n<td>81.3<\/td>\n<td>84<\/td>\n<td>86<\/td>\n<\/tr>\n<tr>\n<td><strong>B) Width (cm)<\/strong><\/td>\n<td>101.6<\/td>\n<td>111.8<\/td>\n<td>122<\/td>\n<td>132<\/td>\n<td>142.2<\/td>\n<td>152.4<\/td>\n<td>162<\/td>\n<td>172<\/td>\n<\/tr>\n<tr>\n<td><strong>B) Half Chest (cm)<\/strong><\/td>\n<td>50.8<\/td>\n<td>55.9<\/td>\n<td>61<\/td>\n<td>66<\/td>\n<td>71.1<\/td>\n<td>76.2<\/td>\n<td>81<\/td>\n<td>86<\/td>\n<\/tr>\n<tr>\n<td><strong>C) Sleeve Length (cm)<\/strong><\/td>\n<td>85.1<\/td>\n<td>87.6<\/td>\n<td>90.2<\/td>\n<td>92.7<\/td>\n<td>95.3<\/td>\n<td>97.8<\/td>\n<td>100<\/td>\n<td>103<\/td>\n<\/tr>\n<\/tbody>\n<\/table>\n<table>\n<tbody>\n<tr>\n<td><\/td>\n<td><strong>S<\/strong><\/td>\n<td><strong>M<\/strong><\/td>\n<td><strong>L<\/strong><\/td>\n<td><strong>XL<\/strong><\/td>\n<td><strong>2XL<\/strong><\/td>\n<td><strong>3XL<\/strong><\/td>\n<td><strong>4XL<\/strong><\/td>\n<td><strong>5XL<\/strong><\/td>\n<\/tr>\n<tr>\n<td><strong>A) Length (inches)<\/strong><\/td>\n<td>27<\/td>\n<td>28<\/td>\n<td>29<\/td>\n<td>30<\/td>\n<td>31<\/td>\n<td>32<\/td>\n<td>33.1<\/td>\n<td>33.9<\/td>\n<\/tr>\n<tr>\n<td><strong>B) Width (inches)<\/strong><\/td>\n<td>40<\/td>\n<td>44<\/td>\n<td>48<\/td>\n<td>52<\/td>\n<td>56<\/td>\n<td>60<\/td>\n<td>63.8<\/td>\n<td>67.7<\/td>\n<\/tr>\n<tr>\n<td><strong>B) Half Chest (inches)<\/strong><\/td>\n<td>20<\/td>\n<td>22<\/td>\n<td>24<\/td>\n<td>26<\/td>\n<td>28<\/td>\n<td>30<\/td>\n<td>31.9<\/td>\n<td>33.9<\/td>\n<\/tr>\n<tr>\n<td><strong>C) Sleeve Length (inches)<\/strong><\/td>\n<td>33.5<\/td>\n<td>34.5<\/td>\n<td>35.5<\/td>\n<td>36.5<\/td>\n<td>37.5<\/td>\n<td>38.5<\/td>\n<td>39.4<\/td>\n<td>40.6<\/td>\n<\/tr>\n<\/tbody>\n<\/table>\n<p><b>Instru\u00e7\u00f5es de Lavagem<\/b><\/p>\n<p><b>\u00a0<\/b><\/p>\n<p><b>Geral O moletom com capuz Gildan 18500 \u00e9 conhecido por sua mistura de tecidos resistente, conforto e versatilidade, tornando-o uma escolha popular para pedidos em grande quantidade e designs personalizados.<\/b><\/p>\n<p><b>\u00a0<\/b><\/p>\n<p><b>Lavagem Recomenda-se lavar \u00e0 m\u00e1quina com \u00e1gua fria para manter a integridade do tecido.<\/b><\/p>\n<p><b>\u00a0<\/b><\/p>\n<p><b>Secagem Secar na secadora em temperatura m\u00e9dia.<\/b><\/p>\n<p><b>\u00a0<\/b><\/p>\n<p><b>Loja Este moletom com capuz est\u00e1 amplamente dispon\u00edvel online em diversas lojas, oferecendo facilidade de compra.<\/b><\/p>","protected":false},"excerpt":{"rendered":"<p>Apresentamos o Moletom com Capuz Pet Signature, projetado para conforto e estilo para os amantes de animais de estima\u00e7\u00e3o! Este moletom pesado \u00e9 confeccionado com uma combina\u00e7\u00e3o de alta qualidade de 50% algod\u00e3o e 50% poli\u00e9ster, garantindo um toque macio que mant\u00e9m voc\u00ea aquecido o dia todo. O capuz com forro duplo e cord\u00e3o ajust\u00e1vel [&#8230;]","protected":false},"featured_media":1404,"comment_status":"open","ping_status":"closed","template":"","meta":[],"product_brand":[],"product_cat":[15,71,169],"product_tag":[102,104,97,99,98,103,95,101,100,96,106,105,107],"class_list":{"0":"post-1270","1":"product","2":"type-product","3":"status-publish","4":"has-post-thumbnail","6":"product_cat-in-line","7":"product_cat-hoodie","8":"product_cat-masculino","9":"product_tag-casual-wear","10":"product_tag-comfortable-hoodie","11":"product_tag-cotton-polyester","12":"product_tag-cozy-hoodie","13":"product_tag-double-lined-hood","14":"product_tag-heavy-blend-hoodie","15":"product_tag-pet-hoodie","16":"product_tag-pet-lover-gift","17":"product_tag-pouch-pocket-hoodie","18":"product_tag-signature-hoodie","19":"product_tag-stylish-outerwear","20":"product_tag-trendy-pet-apparel","21":"product_tag-wearable-pet-love","23":"first","24":"instock","25":"shipping-taxable","26":"purchasable","27":"product-type-variable"},"jetpack_sharing_enabled":true,"_links":{"self":[{"href":"https:\/\/allinline.eu\/de\/wp-json\/wp\/v2\/product\/1270","targetHints":{"allow":["GET"]}}],"collection":[{"href":"https:\/\/allinline.eu\/de\/wp-json\/wp\/v2\/product"}],"about":[{"href":"https:\/\/allinline.eu\/de\/wp-json\/wp\/v2\/types\/product"}],"replies":[{"embeddable":true,"href":"https:\/\/allinline.eu\/de\/wp-json\/wp\/v2\/comments?post=1270"}],"wp:featuredmedia":[{"embeddable":true,"href":"https:\/\/allinline.eu\/de\/wp-json\/wp\/v2\/media\/1404"}],"wp:attachment":[{"href":"https:\/\/allinline.eu\/de\/wp-json\/wp\/v2\/media?parent=1270"}],"wp:term":[{"taxonomy":"product_brand","embeddable":true,"href":"https:\/\/allinline.eu\/de\/wp-json\/wp\/v2\/product_brand?post=1270"},{"taxonomy":"product_cat","embeddable":true,"href":"https:\/\/allinline.eu\/de\/wp-json\/wp\/v2\/product_cat?post=1270"},{"taxonomy":"product_tag","embeddable":true,"href":"https:\/\/allinline.eu\/de\/wp-json\/wp\/v2\/product_tag?post=1270"}],"curies":[{"name":"wp","href":"https:\/\/api.w.org\/{rel}","templated":true}]}}