{"id":92,"date":"2013-08-11T19:06:15","date_gmt":"2013-08-11T19:06:15","guid":{"rendered":"http:\/\/localhost:8888\/test\/?page_id=520"},"modified":"2025-10-28T16:16:11","modified_gmt":"2025-10-28T16:16:11","slug":"about","status":"publish","type":"page","link":"https:\/\/allinline.eu\/de\/elements\/pages\/about\/","title":{"rendered":"About"},"content":{"rendered":"<div class=\"banner has-hover has-parallax\" id=\"banner-154940405\">\n          <div class=\"banner-inner fill\">\n        <div class=\"banner-bg fill\" data-parallax=\"-3\" data-parallax-container=\".banner\" data-parallax-background>\n            <img loading=\"lazy\" decoding=\"async\" width=\"1000\" height=\"650\" src=\"https:\/\/allinline.eu\/wp-content\/uploads\/2016\/08\/dummy-2.jpg\" class=\"bg attachment-large size-large\" alt=\"\" \/>                        <div class=\"overlay\"><\/div>            \n                    <\/div>\n\t\t\n        <div class=\"banner-layers container\">\n            <div class=\"fill banner-link\"><\/div>            \n\n   <div id=\"text-box-1955660808\" class=\"text-box banner-layer x50 md-x50 lg-x50 y80 md-y80 lg-y80 res-text\">\n                                <div class=\"text-box-content text dark\">\n              \n              <div class=\"text-inner text-center\">\n                  \n\n<h1 class=\"lead\">About Us<\/h1>\n<p class=\"lead\">Na All In Line acreditamos que cada pet tem uma hist\u00f3ria \u00fanica para contar. Somos uma equipa de designers apaixonados por animais e transformamos esse v\u00ednculo t\u00e3o especial numa pe\u00e7a de arte que pode ser vestida, usada e lembrada todos os dias.<\/p>\n\n\n              <\/div>\n           <\/div>\n                            \n<style>\n#text-box-1955660808 {\n  width: 60%;\n}\n#text-box-1955660808 .text-box-content {\n  font-size: 100%;\n}\n<\/style>\n    <\/div>\n \n\n        <\/div>\n      <\/div>\n\n            \n<style>\n#banner-154940405 {\n  padding-top: 507px;\n}\n#banner-154940405 .overlay {\n  background-color: rgba(0, 0, 0, 0.49);\n}\n<\/style>\n  <\/div>\n\n\n<div class=\"row\"  id=\"row-164384538\">\n\n\n\t<div id=\"col-828408700\" class=\"col small-12 large-12\"  >\n\t\t\t\t<div class=\"col-inner\"  >\n\t\t\t\n\t\t\t\n\n<h3 data-start=\"399\" data-end=\"776\">O processo \u00e9 simples e feito com carinho. Tu envias a fotografia do teu melhor amigo, e n\u00f3s criamos manualmente uma <strong data-start=\"515\" data-end=\"531\">One Line Art<\/strong> exclusiva, desenhada a partir dos tra\u00e7os e express\u00f5es que tornam o teu pet \u00fanico. Nada de filtros autom\u00e1ticos ou desenhos gen\u00e9ricos. Aqui, cada linha nasce com aten\u00e7\u00e3o ao detalhe e respeito pela personalidade do teu companheiro de quatro patas.<\/h3>\n<h3 data-start=\"778\" data-end=\"978\">Depois de aprovares a arte, produzimos o teu produto com toda a qualidade que mereces. Oferecemos <strong data-start=\"876\" data-end=\"918\">moletons, t-shirts, bon\u00e9s e muito mais<\/strong>, sempre com materiais confort\u00e1veis e impress\u00e3o impec\u00e1vel.<\/h3>\n<h3 data-start=\"980\" data-end=\"1146\">Fazemos envios r\u00e1pidos para toda a Uni\u00e3o Europeia e temos como maior prioridade que a tua experi\u00eancia seja t\u00e3o boa quanto o sorriso que o teu pet te d\u00e1 todos os dias.<\/h3>\n<h3 data-start=\"1148\" data-end=\"1217\">All In Line \u00e9 amor que se veste.<br data-start=\"1180\" data-end=\"1183\" \/>De pets, para humanos apaixonados.<\/h3>\n<div class=\"text-center\"><div class=\"is-divider divider clearfix\" ><\/div><\/div>\n\n\n\t\t<\/div>\n\t\t\t\t\t<\/div>\n\n\t\n\n\t<div id=\"col-1775065169\" class=\"col medium-3 small-12 large-3\"  >\n\t\t\t\t<div class=\"col-inner\"  >\n\t\t\t\n\t\t\t\n\n\n\t\t<\/div>\n\t\t\t\t\t<\/div>\n\n\t\n\n\t<div id=\"col-791752250\" class=\"col medium-3 small-12 large-3\"  >\n\t\t\t\t<div class=\"col-inner\"  >\n\t\t\t\n\t\t\t\n\n    <div class=\"box has-hover has-hover box-text-bottom\" >\n\n                  <div class=\"box-image\" style=\"width:80%;\">\n           <div class=\"box-image-inner image-cover\" style=\"border-radius:100%;padding-top:100%;\">\n              <img loading=\"lazy\" decoding=\"async\" width=\"818\" height=\"1226\" src=\"https:\/\/allinline.eu\/wp-content\/uploads\/2025\/10\/Nicollas-Albertin23.png\" class=\"attachment- size-\" alt=\"\" srcset=\"https:\/\/allinline.eu\/wp-content\/uploads\/2025\/10\/Nicollas-Albertin23.png 818w, https:\/\/allinline.eu\/wp-content\/uploads\/2025\/10\/Nicollas-Albertin23-267x400.png 267w, https:\/\/allinline.eu\/wp-content\/uploads\/2025\/10\/Nicollas-Albertin23-534x800.png 534w, https:\/\/allinline.eu\/wp-content\/uploads\/2025\/10\/Nicollas-Albertin23-768x1151.png 768w, https:\/\/allinline.eu\/wp-content\/uploads\/2025\/10\/Nicollas-Albertin23-8x12.png 8w, https:\/\/allinline.eu\/wp-content\/uploads\/2025\/10\/Nicollas-Albertin23-600x899.png 600w\" sizes=\"auto, (max-width: 818px) 100vw, 818px\" \/>                         <\/div>\n          <\/div>\n         \n          <div class=\"box-text text-center\" >\n                <div class=\"box-text-inner\">\n                  <h4 class=\"uppercase\">\n                    <span class=\"person-name\">Nicollas Amorim<\/span><br\/>\n                    <span class=\"person-title is-small thin-font op-7\">\n                      Marketing Director                    <\/span>\n                  <\/h4>\n\t\t\t\t\t\n\n\n\n                <\/div>\n          <\/div>\n    <\/div>\n\n\t\n    \n\n\t\t<\/div>\n\t\t\t\t\t<\/div>\n\n\t\n\n\t<div id=\"col-505992565\" class=\"col medium-3 small-12 large-3\"  >\n\t\t\t\t<div class=\"col-inner\"  >\n\t\t\t\n\t\t\t\n\n    <div class=\"box has-hover has-hover box-text-bottom\" >\n\n                  <div class=\"box-image\" style=\"width:80%;\">\n           <div class=\"box-image-inner image-cover\" style=\"border-radius:100%;padding-top:100%;\">\n              <img loading=\"lazy\" decoding=\"async\" width=\"400\" height=\"260\" src=\"https:\/\/allinline.eu\/wp-content\/uploads\/2016\/08\/dummy-1.jpg\" class=\"attachment- size-\" alt=\"\" srcset=\"https:\/\/allinline.eu\/wp-content\/uploads\/2016\/08\/dummy-1.jpg 400w, https:\/\/allinline.eu\/wp-content\/uploads\/2016\/08\/dummy-1-300x195.jpg 300w\" sizes=\"auto, (max-width: 400px) 100vw, 400px\" \/>                         <\/div>\n          <\/div>\n         \n          <div class=\"box-text text-center\" >\n                <div class=\"box-text-inner\">\n                  <h4 class=\"uppercase\">\n                    <span class=\"person-name\">Jane Gray<\/span><br\/>\n                    <span class=\"person-title is-small thin-font op-7\">\n                      Public Relations                    <\/span>\n                  <\/h4>\n\t\t\t\t\t<div class=\"social-icons follow-icons\" ><a href=\"#\" target=\"_blank\" data-label=\"Facebook\" class=\"icon button circle is-outline facebook tooltip\" title=\"Auf Facebook folgen\" aria-label=\"Auf Facebook folgen\" rel=\"noopener nofollow\" ><i class=\"icon-facebook\" ><\/i><\/a><a href=\"#\" data-label=\"Twitter\" target=\"_blank\" class=\"icon button circle is-outline twitter tooltip\" title=\"Auf Twitter folgen\" aria-label=\"Auf Twitter folgen\" rel=\"noopener nofollow\" ><i class=\"icon-twitter\" ><\/i><\/a><a href=\"mailto:#\" data-label=\"E-mail\" target=\"_blank\" class=\"icon button circle is-outline email tooltip\" title=\"Sende uns eine E-Mail\" aria-label=\"Sende uns eine E-Mail\" rel=\"nofollow noopener\" ><i class=\"icon-envelop\" ><\/i><\/a><a href=\"#\" data-label=\"Pinterest\" target=\"_blank\" class=\"icon button circle is-outline pinterest tooltip\" title=\"Auf Pinterest folgen\" aria-label=\"Auf Pinterest folgen\" rel=\"noopener nofollow\" ><i class=\"icon-pinterest\" ><\/i><\/a><a href=\"#\" data-label=\"LinkedIn\" target=\"_blank\" class=\"icon button circle is-outline linkedin tooltip\" title=\"Auf Linkedin folgen\" aria-label=\"Auf Linkedin folgen\" rel=\"noopener nofollow\" ><i class=\"icon-linkedin\" ><\/i><\/a><\/div>\n\n<p>Lorem ipsum dolor sit amet, consectetuer adipiscing elit, sed diam nonummy.<\/p>\n\n                <\/div>\n          <\/div>\n    <\/div>\n\n\t\n    \n\n\t\t<\/div>\n\t\t\t\t\t<\/div>\n\n\t\n\n\t<div id=\"col-910462753\" class=\"col medium-3 small-12 large-3\"  >\n\t\t\t\t<div class=\"col-inner\"  >\n\t\t\t\n\t\t\t\n\n\n\t\t<\/div>\n\t\t\t\t\t<\/div>\n\n\t\n\n<\/div>","protected":false},"excerpt":{"rendered":"","protected":false},"author":1,"featured_media":18,"parent":53,"menu_order":0,"comment_status":"closed","ping_status":"closed","template":"page-transparent-header-light.php","meta":{"footnotes":""},"class_list":["post-92","page","type-page","status-publish","has-post-thumbnail","hentry"],"_hostinger_reach_plugin_has_subscription_block":false,"_hostinger_reach_plugin_is_elementor":false,"jetpack_sharing_enabled":true,"_links":{"self":[{"href":"https:\/\/allinline.eu\/de\/wp-json\/wp\/v2\/pages\/92","targetHints":{"allow":["GET"]}}],"collection":[{"href":"https:\/\/allinline.eu\/de\/wp-json\/wp\/v2\/pages"}],"about":[{"href":"https:\/\/allinline.eu\/de\/wp-json\/wp\/v2\/types\/page"}],"author":[{"embeddable":true,"href":"https:\/\/allinline.eu\/de\/wp-json\/wp\/v2\/users\/1"}],"replies":[{"embeddable":true,"href":"https:\/\/allinline.eu\/de\/wp-json\/wp\/v2\/comments?post=92"}],"version-history":[{"count":3,"href":"https:\/\/allinline.eu\/de\/wp-json\/wp\/v2\/pages\/92\/revisions"}],"predecessor-version":[{"id":862,"href":"https:\/\/allinline.eu\/de\/wp-json\/wp\/v2\/pages\/92\/revisions\/862"}],"up":[{"embeddable":true,"href":"https:\/\/allinline.eu\/de\/wp-json\/wp\/v2\/pages\/53"}],"wp:featuredmedia":[{"embeddable":true,"href":"https:\/\/allinline.eu\/de\/wp-json\/wp\/v2\/media\/18"}],"wp:attachment":[{"href":"https:\/\/allinline.eu\/de\/wp-json\/wp\/v2\/media?parent=92"}],"curies":[{"name":"wp","href":"https:\/\/api.w.org\/{rel}","templated":true}]}}