{"id":90,"date":"2013-08-11T19:22:53","date_gmt":"2013-08-11T19:22:53","guid":{"rendered":"http:\/\/localhost:8888\/test\/?page_id=532"},"modified":"2025-11-02T20:03:44","modified_gmt":"2025-11-02T20:03:44","slug":"contact","status":"publish","type":"page","link":"https:\/\/allinline.eu\/de\/elements\/pages\/contact\/","title":{"rendered":"Contact"},"content":{"rendered":"<div class=\"row\"  id=\"row-57488401\">\n\n\n\t<div id=\"col-561999696\" class=\"col medium-6 small-12 large-6\"  >\n\t\t\t\t<div class=\"col-inner\"  >\n\t\t\t\n\t\t\t\n\n\t<div class=\"img has-hover x md-x lg-x y md-y lg-y\" id=\"image_565880582\">\n\t\t\t\t\t\t\t\t<div class=\"img-inner dark\" >\n\t\t\t<img loading=\"lazy\" decoding=\"async\" width=\"800\" height=\"800\" src=\"https:\/\/allinline.eu\/wp-content\/uploads\/2025\/10\/capa2-1-800x800.png\" class=\"attachment-large size-large\" alt=\"\" srcset=\"https:\/\/allinline.eu\/wp-content\/uploads\/2025\/10\/capa2-1-800x800.png 800w, https:\/\/allinline.eu\/wp-content\/uploads\/2025\/10\/capa2-1-400x400.png 400w, https:\/\/allinline.eu\/wp-content\/uploads\/2025\/10\/capa2-1-280x280.png 280w, https:\/\/allinline.eu\/wp-content\/uploads\/2025\/10\/capa2-1-768x768.png 768w, https:\/\/allinline.eu\/wp-content\/uploads\/2025\/10\/capa2-1-300x300.png 300w, https:\/\/allinline.eu\/wp-content\/uploads\/2025\/10\/capa2-1-600x600.png 600w, https:\/\/allinline.eu\/wp-content\/uploads\/2025\/10\/capa2-1-100x100.png 100w, https:\/\/allinline.eu\/wp-content\/uploads\/2025\/10\/capa2-1.png 1024w\" sizes=\"auto, (max-width: 800px) 100vw, 800px\" \/>\t\t\t\t\t\t\n\t\t\t\t\t<\/div>\n\t\t\t\t\t\t\t\t\n<style>\n#image_565880582 {\n  width: 100%;\n}\n<\/style>\n\t<\/div>\n\t\n\n\n\t\t<\/div>\n\t\t\t\t\t<\/div>\n\n\t\n\n\t<div id=\"col-721760309\" class=\"col medium-6 small-12 large-6\"  >\n\t\t\t\t<div class=\"col-inner\"  >\n\t\t\t\n\t\t\t\n\n\n<div class=\"wpcf7 no-js\" id=\"wpcf7-f17-o1\" lang=\"en-US\" dir=\"ltr\" data-wpcf7-id=\"17\">\n<div class=\"screen-reader-response\"><p role=\"status\" aria-live=\"polite\" aria-atomic=\"true\"><\/p> <ul><\/ul><\/div>\n<form action=\"\/de\/wp-json\/wp\/v2\/pages\/90#wpcf7-f17-o1\" method=\"post\" class=\"wpcf7-form init\" aria-label=\"Contact form\" novalidate=\"novalidate\" data-status=\"init\" data-trp-original-action=\"\/de\/wp-json\/wp\/v2\/pages\/90#wpcf7-f17-o1\">\n<fieldset class=\"hidden-fields-container\"><input type=\"hidden\" name=\"_wpcf7\" value=\"17\" \/><input type=\"hidden\" name=\"_wpcf7_version\" value=\"6.1.3\" \/><input type=\"hidden\" name=\"_wpcf7_locale\" value=\"en_US\" \/><input type=\"hidden\" name=\"_wpcf7_unit_tag\" value=\"wpcf7-f17-o1\" \/><input type=\"hidden\" name=\"_wpcf7_container_post\" value=\"0\" \/><input type=\"hidden\" name=\"_wpcf7_posted_data_hash\" value=\"\" \/>\n<\/fieldset>\n<p><label>Your Name (required)<\/label><br \/>\n<span class=\"wpcf7-form-control-wrap\" data-name=\"your-name\"><input size=\"40\" maxlength=\"400\" class=\"wpcf7-form-control wpcf7-text wpcf7-validates-as-required\" aria-required=\"true\" aria-invalid=\"false\" value=\"\" type=\"text\" name=\"your-name\" \/><\/span>\n<\/p>\n<p><label>Your Email (required)<\/label><br \/>\n<span class=\"wpcf7-form-control-wrap\" data-name=\"your-email\"><input size=\"40\" maxlength=\"400\" class=\"wpcf7-form-control wpcf7-email wpcf7-validates-as-required wpcf7-text wpcf7-validates-as-email\" aria-required=\"true\" aria-invalid=\"false\" value=\"\" type=\"email\" name=\"your-email\" \/><\/span>\n<\/p>\n<p><label>Your Message (required)<\/label><br \/>\n<span class=\"wpcf7-form-control-wrap\" data-name=\"your-message\"><textarea cols=\"40\" rows=\"10\" maxlength=\"2000\" class=\"wpcf7-form-control wpcf7-textarea\" aria-invalid=\"false\" name=\"your-message\"><\/textarea><\/span>\n<\/p>\n<p><input class=\"wpcf7-form-control wpcf7-submit has-spinner button\" type=\"submit\" value=\"Submit\" \/>\n<\/p><div class=\"wpcf7-response-output\" aria-hidden=\"true\"><\/div>\n<input type=\"hidden\" name=\"trp-form-language\" value=\"de\"\/><\/form>\n<\/div>\n\n\n\t\t<\/div>\n\t\t\t\t\t<\/div>\n\n\t\n\n<\/div>\n<div class=\"row\"  id=\"row-1620928152\">\n\n\n\t<div id=\"col-1141478923\" class=\"col medium-6 large-6\"  >\n\t\t\t\t<div class=\"col-inner\"  >\n\t\t\t\n\t\t\t\n\n<div class=\"container section-title-container\" ><h3 class=\"section-title section-title-normal\"><b><\/b><span class=\"section-title-main\" >Frequently Asked Questions<\/span><b><\/b><\/h3><\/div>\n\n<p class=\"lead\"><strong>Por favor, leia as nossas Perguntas Frequentes antes de nos enviar uma mensagem.<\/strong><\/p>\n<div class=\"accordion\">\n\n\t<div id=\"accordion-3180691451\" class=\"accordion-item\">\n\t\t<a id=\"accordion-3180691451-label\" class=\"accordion-title plain\" href=\"#accordion-item-o-que-acontece-exatamente-depois-de-fazer-o-pedido?\" aria-expanded=\"false\" aria-controls=\"accordion-3180691451-content\" >\n\t\t\t<button class=\"toggle\" aria-label=\"Umschalten\"><i class=\"icon-angle-down\"><\/i><\/button>\n\t\t\t<span>O que acontece exatamente depois de fazer o pedido?<\/span>\n\t\t<\/a>\n\t\t<div id=\"accordion-3180691451-content\" class=\"accordion-inner\" aria-labelledby=\"accordion-3180691451-label\" >\n\t\t\t\n\n\t<div class=\"img has-hover x md-x lg-x y md-y lg-y\" id=\"image_452118863\">\n\t\t\t\t\t\t\t\t<div class=\"img-inner dark\" >\n\t\t\t<img loading=\"lazy\" decoding=\"async\" width=\"1020\" height=\"680\" src=\"https:\/\/allinline.eu\/wp-content\/uploads\/2025\/10\/ChatGPT-Image-23-de-out.-de-2025-16_32_47.png\" class=\"attachment-large size-large\" alt=\"\" \/>\t\t\t\t\t\t\n\t\t\t\t\t<\/div>\n\t\t\t\t\t\t\t\t\n<style>\n#image_452118863 {\n  width: 100%;\n}\n<\/style>\n\t<\/div>\n\t\n\n<p data-start=\"123\" data-end=\"197\">Assim que finalizares a tua compra, o nosso processo come\u00e7a imediatamente:<\/p>\n<ol data-start=\"199\" data-end=\"798\">\n<li data-start=\"199\" data-end=\"345\">\n<p data-start=\"202\" data-end=\"345\"><strong data-start=\"202\" data-end=\"251\">Recebemos a tua encomenda e a foto do teu pet<\/strong><br data-start=\"251\" data-end=\"254\" \/>A nossa equipa confirma todos os dados e inicia o desenvolvimento da arte personalizada.<\/p>\n<\/li>\n<li data-start=\"347\" data-end=\"478\">\n<p data-start=\"350\" data-end=\"478\"><strong data-start=\"350\" data-end=\"390\">Criamos a pr\u00e9via da tua One Line Art<\/strong><br data-start=\"390\" data-end=\"393\" \/>Em at\u00e9 24 a 48 horas \u00fateis, enviamos-te uma imagem digital da arte para aprovares.<\/p>\n<\/li>\n<li data-start=\"480\" data-end=\"613\">\n<p data-start=\"483\" data-end=\"613\"><strong data-start=\"483\" data-end=\"504\">Tu aprovas a arte<\/strong><br data-start=\"504\" data-end=\"507\" \/>Se quiseres ajustar algum detalhe, fazemos as altera\u00e7\u00f5es necess\u00e1rias at\u00e9 ficares totalmente satisfeito.<\/p>\n<\/li>\n<li data-start=\"615\" data-end=\"798\">\n<p data-start=\"618\" data-end=\"798\"><strong data-start=\"618\" data-end=\"638\">Produ\u00e7\u00e3o e envio<\/strong><br data-start=\"638\" data-end=\"641\" \/>Depois da aprova\u00e7\u00e3o, o teu produto \u00e9 produzido com todos os cuidados e segue para entrega. Receber\u00e1s tamb\u00e9m um c\u00f3digo de rastreio para acompanhar o envio.<\/p>\n<\/li>\n<\/ol>\n<p data-start=\"800\" data-end=\"959\" data-is-last-node=\"\" data-is-only-node=\"\">O nosso objetivo \u00e9 que te sintas acompanhado(a) em todas as etapas e tenhas uma experi\u00eancia incr\u00edvel desde o primeiro clique at\u00e9 receberes o teu produto final.<\/p>\n\n\t\t<\/div>\n\t<\/div>\n\t\n\t<div id=\"accordion-359983019\" class=\"accordion-item\">\n\t\t<a id=\"accordion-359983019-label\" class=\"accordion-title plain\" href=\"#accordion-item-quais-s\u00e3o-os-custos-de-entrega-para-encomendas-efetuadas-na-loja-online?\" aria-expanded=\"false\" aria-controls=\"accordion-359983019-content\" >\n\t\t\t<button class=\"toggle\" aria-label=\"Umschalten\"><i class=\"icon-angle-down\"><\/i><\/button>\n\t\t\t<span>Quais s\u00e3o os custos de entrega para encomendas efetuadas na loja online?<\/span>\n\t\t<\/a>\n\t\t<div id=\"accordion-359983019-content\" class=\"accordion-inner\" aria-labelledby=\"accordion-359983019-label\" >\n\t\t\t\n\n<p data-start=\"161\" data-end=\"405\">Os custos de entrega s\u00e3o calculados automaticamente no checkout, de acordo com o pa\u00eds de destino dentro da Uni\u00e3o Europeia. Trabalhamos com parceiros log\u00edsticos de confian\u00e7a para manter o frete acess\u00edvel e garantir uma entrega r\u00e1pida e segura.<\/p>\n<p data-start=\"407\" data-end=\"495\">Antes de finalizares a compra, poder\u00e1s ver o valor exato do envio sem qualquer surpresa.<\/p>\n<p data-start=\"497\" data-end=\"603\" data-is-last-node=\"\" data-is-only-node=\"\">Se tiveres alguma d\u00favida sobre o envio para o teu pa\u00eds, a nossa equipa est\u00e1 sempre dispon\u00edvel para ajudar.<\/p>\n\n\t\t<\/div>\n\t<\/div>\n\t\n\t<div id=\"accordion-1392173094\" class=\"accordion-item\">\n\t\t<a id=\"accordion-1392173094-label\" class=\"accordion-title plain\" href=\"#accordion-item-que-m\u00e9todos-de-pagamento-s\u00e3o-aceites-na-loja-online?\" aria-expanded=\"false\" aria-controls=\"accordion-1392173094-content\" >\n\t\t\t<button class=\"toggle\" aria-label=\"Umschalten\"><i class=\"icon-angle-down\"><\/i><\/button>\n\t\t\t<span>Que m\u00e9todos de pagamento s\u00e3o aceites na Loja Online?<\/span>\n\t\t<\/a>\n\t\t<div id=\"accordion-1392173094-content\" class=\"accordion-inner\" aria-labelledby=\"accordion-1392173094-label\" >\n\t\t\t\n\n<p data-start=\"118\" data-end=\"239\">Disponibilizamos op\u00e7\u00f5es de pagamento seguras e pr\u00e1ticas em toda a Uni\u00e3o Europeia. Podes concluir a tua compra utilizando:<\/p>\n<p data-start=\"241\" data-end=\"423\">\u2022 <strong data-start=\"243\" data-end=\"274\">Cart\u00f5es de Cr\u00e9dito e D\u00e9bito<\/strong> (Visa, Mastercard, entre outros)<br data-start=\"307\" data-end=\"310\" \/>\u2022 <strong data-start=\"312\" data-end=\"341\">Stripe \u2013 Pagamento Seguro<\/strong><br data-start=\"341\" data-end=\"344\" \/>\u2022 <strong data-start=\"346\" data-end=\"372\">Apple Pay \/ Google Pay<\/strong> <em data-start=\"373\" data-end=\"421\" data-is-only-node=\"\">(quando dispon\u00edveis no teu pa\u00eds e dispositivo)<\/em><\/p>\n<p data-start=\"425\" data-end=\"549\">Todos os pagamentos s\u00e3o processados com tecnologia encriptada, garantindo total seguran\u00e7a dos teus dados durante o checkout.<\/p>\n<p data-start=\"551\" data-end=\"654\" data-is-last-node=\"\" data-is-only-node=\"\">Se tiveres alguma dificuldade ao efectuar o pagamento, a nossa equipa de apoio est\u00e1 pronta para ajudar.<\/p>\n\n\t\t<\/div>\n\t<\/div>\n\t\n\t<div id=\"accordion-131758733\" class=\"accordion-item\">\n\t\t<a id=\"accordion-131758733-label\" class=\"accordion-title plain\" href=\"#accordion-item-quanto-tempo-demorar\u00e1-a-entrega?\" aria-expanded=\"false\" aria-controls=\"accordion-131758733-content\" >\n\t\t\t<button class=\"toggle\" aria-label=\"Umschalten\"><i class=\"icon-angle-down\"><\/i><\/button>\n\t\t\t<span>Quanto tempo demorar\u00e1 a entrega?<\/span>\n\t\t<\/a>\n\t\t<div id=\"accordion-131758733-content\" class=\"accordion-inner\" aria-labelledby=\"accordion-131758733-label\" >\n\t\t\t\n\n<p data-start=\"103\" data-end=\"275\">Ap\u00f3s a aprova\u00e7\u00e3o da arte personalizada, o teu pedido segue para produ\u00e7\u00e3o e envio. O prazo m\u00e9dio de entrega \u00e9 de <strong data-start=\"215\" data-end=\"235\">4 a 6 dias \u00fateis<\/strong> para qualquer pa\u00eds da Uni\u00e3o Europeia.<\/p>\n<p data-start=\"277\" data-end=\"523\" data-is-last-node=\"\" data-is-only-node=\"\">Garantimos um envio r\u00e1pido e seguro, para que possas receber o teu produto e celebrar o carinho pelo teu pet o mais depressa poss\u00edvel. Caso precises de acompanhar o pedido, enviamos um c\u00f3digo de rastreio assim que a encomenda estiver em tr\u00e2nsito.<\/p>\n\n\t\t<\/div>\n\t<\/div>\n\t\n\t<div id=\"accordion-2448940704\" class=\"accordion-item\">\n\t\t<a id=\"accordion-2448940704-label\" class=\"accordion-title plain\" href=\"#accordion-item-qu\u00e3o-seguro-\u00e9-comprar-na-loja-online?-os-meus-dados-est\u00e3o-protegidos?\" aria-expanded=\"false\" aria-controls=\"accordion-2448940704-content\" >\n\t\t\t<button class=\"toggle\" aria-label=\"Umschalten\"><i class=\"icon-angle-down\"><\/i><\/button>\n\t\t\t<span>Qu\u00e3o seguro \u00e9 comprar na loja online? Os meus dados est\u00e3o protegidos?<\/span>\n\t\t<\/a>\n\t\t<div id=\"accordion-2448940704-content\" class=\"accordion-inner\" aria-labelledby=\"accordion-2448940704-label\" >\n\t\t\t\n\n<p data-start=\"150\" data-end=\"393\">Sim. Comprar na nossa loja online \u00e9 totalmente seguro. Utilizamos <strong data-start=\"216\" data-end=\"252\">liga\u00e7\u00f5es encriptadas (HTTPS\/SSL)<\/strong>, o que garante que todas as informa\u00e7\u00f5es transmitidas entre o teu dispositivo e o nosso site est\u00e3o protegidas contra acessos n\u00e3o autorizados.<\/p>\n<p data-start=\"395\" data-end=\"678\">Os pagamentos s\u00e3o processados atrav\u00e9s de <strong data-start=\"436\" data-end=\"482\">plataformas certificadas de alta seguran\u00e7a<\/strong>, como a Stripe, que cumprem rigorosamente as normas internacionais de prote\u00e7\u00e3o de dados. N\u00f3s <strong data-start=\"576\" data-end=\"595\">n\u00e3o armazenamos<\/strong> detalhes de cart\u00e3o ou qualquer informa\u00e7\u00e3o sens\u00edvel do pagamento no nosso servidor.<\/p>\n<p data-start=\"680\" data-end=\"890\">Al\u00e9m disso, seguimos o <strong data-start=\"703\" data-end=\"757\">Regulamento Geral sobre a Prote\u00e7\u00e3o de Dados (GDPR)<\/strong>, garantindo que tratamos os teus dados pessoais com responsabilidade, transpar\u00eancia e apenas para os fins necess\u00e1rios ao teu pedido.<\/p>\n<p data-start=\"892\" data-end=\"1030\" data-is-last-node=\"\" data-is-only-node=\"\">A tua privacidade e seguran\u00e7a s\u00e3o sempre prioridade na All In Line. Se tiveres alguma quest\u00e3o, a nossa equipa est\u00e1 dispon\u00edvel para ajudar.<\/p>\n\n\t\t<\/div>\n\t<\/div>\n\t\n\t<div id=\"accordion-1503275354\" class=\"accordion-item\">\n\t\t<a id=\"accordion-1503275354-label\" class=\"accordion-title plain\" href=\"#accordion-item-receberei-uma-fatura-referente-ao-meu-pedido?\" aria-expanded=\"false\" aria-controls=\"accordion-1503275354-content\" >\n\t\t\t<button class=\"toggle\" aria-label=\"Umschalten\"><i class=\"icon-angle-down\"><\/i><\/button>\n\t\t\t<span>Receberei uma fatura referente ao meu pedido?<\/span>\n\t\t<\/a>\n\t\t<div id=\"accordion-1503275354-content\" class=\"accordion-inner\" aria-labelledby=\"accordion-1503275354-label\" >\n\t\t\t\n\n<p data-start=\"112\" data-end=\"268\">Sim. Assim que o pagamento for conclu\u00eddo, receber\u00e1s automaticamente por e-mail a <strong data-start=\"193\" data-end=\"232\">fatura correspondente ao teu pedido<\/strong>, com todos os detalhes da compra.<\/p>\n<p data-start=\"270\" data-end=\"413\" data-is-last-node=\"\" data-is-only-node=\"\">Se precisares de atualizar dados de fatura\u00e7\u00e3o ou solicitar uma segunda via, basta entrar em contacto connosco e teremos todo o gosto em ajudar.<\/p>\n\n\t\t<\/div>\n\t<\/div>\n\t\n\n<\/div>\n\n\t\t<\/div>\n\t\t\t\t\t<\/div>\n\n\t\n\n\t<div id=\"col-2061793144\" class=\"col medium-6 large-6\"  >\n\t\t\t\t<div class=\"col-inner\"  >\n\t\t\t\n\t\t\t\n\n\n\t\t<\/div>\n\t\t\t\t\t<\/div>\n\n\t\n\n<\/div>\n<p>\u00a0<\/p>","protected":false},"excerpt":{"rendered":"","protected":false},"author":1,"featured_media":18,"parent":53,"menu_order":0,"comment_status":"closed","ping_status":"closed","template":"page-blank.php","meta":{"footnotes":""},"class_list":["post-90","page","type-page","status-publish","has-post-thumbnail","hentry"],"_hostinger_reach_plugin_has_subscription_block":false,"_hostinger_reach_plugin_is_elementor":false,"jetpack_sharing_enabled":true,"_links":{"self":[{"href":"https:\/\/allinline.eu\/de\/wp-json\/wp\/v2\/pages\/90","targetHints":{"allow":["GET"]}}],"collection":[{"href":"https:\/\/allinline.eu\/de\/wp-json\/wp\/v2\/pages"}],"about":[{"href":"https:\/\/allinline.eu\/de\/wp-json\/wp\/v2\/types\/page"}],"author":[{"embeddable":true,"href":"https:\/\/allinline.eu\/de\/wp-json\/wp\/v2\/users\/1"}],"replies":[{"embeddable":true,"href":"https:\/\/allinline.eu\/de\/wp-json\/wp\/v2\/comments?post=90"}],"version-history":[{"count":10,"href":"https:\/\/allinline.eu\/de\/wp-json\/wp\/v2\/pages\/90\/revisions"}],"predecessor-version":[{"id":891,"href":"https:\/\/allinline.eu\/de\/wp-json\/wp\/v2\/pages\/90\/revisions\/891"}],"up":[{"embeddable":true,"href":"https:\/\/allinline.eu\/de\/wp-json\/wp\/v2\/pages\/53"}],"wp:featuredmedia":[{"embeddable":true,"href":"https:\/\/allinline.eu\/de\/wp-json\/wp\/v2\/media\/18"}],"wp:attachment":[{"href":"https:\/\/allinline.eu\/de\/wp-json\/wp\/v2\/media?parent=90"}],"curies":[{"name":"wp","href":"https:\/\/api.w.org\/{rel}","templated":true}]}}